{"id":151,"date":"2023-05-23T22:16:08","date_gmt":"2023-05-23T22:16:08","guid":{"rendered":"http:\/\/www.ugttec.es\/?page_id=151"},"modified":"2023-06-17T08:58:52","modified_gmt":"2023-06-17T08:58:52","slug":"afilite-a-ugt","status":"publish","type":"page","link":"https:\/\/www.ugttec.es\/index.php\/afilite-a-ugt\/","title":{"rendered":"Af\u00edli@te a UGT"},"content":{"rendered":"\n<h2 class=\"wp-block-heading has-vivid-red-color has-text-color\">\u00bfC\u00f3mo afiliarte a UGT?<\/h2>\n\n\n\n<p class=\"has-black-color has-text-color\">Si quieres afiliarte a <strong>UGT<\/strong>, desc\u00e1rgate la <strong>hoja de afiliaci\u00f3n<\/strong> pulsando en el bot\u00f3n de abajo. Rellena todos los datos solicitados, y env\u00edanosla por correo electr\u00f3nico a cualquiera de <strong>tus delegadas o delegados de<\/strong> <strong>UGT en Tragsatec. <\/strong>Nosotros tramitaremos tu alta.<\/p>\n\n\n\n<p>Tambi\u00e9n puedes entregar la hoja de afiliaci\u00f3n<strong> <\/strong>en la sede de <strong>UGT<\/strong> de tu localidad m\u00e1s pr\u00f3xima, o enviarla por correo electr\u00f3nico a <a href=\"mailto:comunicacion@fesmcugt.org\"><strong>comunicacion@fesmcugt.org<\/strong><\/a> quienes la remitir\u00e1n al correspondiente organismo territorial, quien se pondr\u00e1 en contacto contigo por el medio que nos indiques.<\/p>\n\n\n\n<div class=\"wp-block-buttons is-vertical is-content-justification-center is-layout-flex wp-container-core-buttons-is-layout-0fce6862 wp-block-buttons-is-layout-flex\">\n<div class=\"wp-block-button\"><a class=\"wp-block-button__link has-white-color has-vivid-red-background-color has-text-color has-background has-text-align-center wp-element-button\" href=\"https:\/\/www.fesmcugt.org\/wp-content\/uploads\/2019\/06\/ficha_de_afiliacion_27092018.pdf\" target=\"_blank\" rel=\"noreferrer noopener\"><strong>Hoja de afiliaci\u00f3n<\/strong><\/a><\/div>\n\n\n\n<div class=\"wp-block-button is-style-fill\"><a class=\"wp-block-button__link has-vivid-red-background-color has-background has-text-align-center wp-element-button\" href=\"https:\/\/www.fesmcugt.org\/afiliarse\/\" target=\"_blank\" rel=\"noreferrer noopener\"><strong>Pol\u00edtica de Protecci\u00f3n de Datos <\/strong><\/a><\/div>\n<\/div>\n\n\n\n<p> <\/p>\n\n\n\n<h2 class=\"wp-block-heading has-vivid-red-color has-text-color\">\u00bfPor qu\u00e9 afiliarse a un sindicato?<\/h2>\n\n\n\n<p>La lucha colectiva y organizada es la \u00fanica forma de equilibrar el permanente conflicto de intereses que se da en las empresas. El <strong>conflicto capital-trabajo<\/strong>.&nbsp;<\/p>\n\n\n\n<p>Por un lado, el empresario tiene como principal objetivo obtener el m\u00e1ximo beneficio y rentabilidad de sus inversiones (<strong>capital<\/strong>). En la otra parte, las personas trabajadoras nos vemos obligadas a vender nuestra fuerza de trabajo por un salario, que nos permita disponer de unas condiciones de vida dignas (<strong>trabajo<\/strong>).<\/p>\n\n\n\n<p>La contradicci\u00f3n que se da entre el inter\u00e9s empresarial de <span style=\"text-decoration: underline;\">maximizaci\u00f3n de beneficios frente<\/span> al anhelo de <span style=\"text-decoration: underline;\">mejora de unas condiciones materiales<\/span> suficientes que garanticen el desarrollo personal y familiar de las <span style=\"text-decoration: underline;\">personas trabajadoras<\/span>, conforman los dos <span style=\"text-decoration: underline;\">contrapesos fundamentales<\/span> de una balanza que define nuestra <span style=\"text-decoration: underline;\">sociedad de clases<\/span>.<\/p>\n\n\n\n<p>Por este motivo,<strong> las trabajadoras y trabajadores libremente asociados formamos los sindicatos<\/strong> como <strong>instrumentos democr\u00e1ticos<\/strong> para la defensa de nuestros intereses de clase y para la mejora de las condiciones de vida del conjunto de las personas trabajadoras.&nbsp;<\/p>\n\n\n\n<p>La <strong>lucha por una sociedad m\u00e1s justa e igual se libra<\/strong> <strong>en<\/strong> muchos \u00e1mbitos, siendo las empresas y <strong>los centros de trabajo<\/strong> un espacio de especial importancia para alcanzar ese objetivo.&nbsp;<\/p>\n\n\n\n<p>Estos son los principios de las <strong>Secciones Sindicales de UGT en Tragsatec<\/strong>. Por esto y otras razones es por lo que <span style=\"text-decoration: underline;\">te animamos a formar parte de UGT con tu afiliaci\u00f3n y participaci\u00f3n activa<\/span>.<\/p>\n\n\n\n<h2 class=\"wp-block-heading has-vivid-red-color has-text-color\">\u00bfQu\u00e9 ventajas supone afiliarse a UGT?<\/h2>\n\n\n\n<p>Las <strong>ventajas de estar afiliado\/a<\/strong> a un sindicato organizado y estructurado, como <strong>UGT<\/strong>, son numerosas:<\/p>\n\n\n\n<ul class=\"wp-block-list\">\n<li><span style=\"text-decoration: underline;\">Informaci\u00f3n y asesoramiento permanente:<\/span> Contrataci\u00f3n, salarios, vacaciones, n\u00f3minas, jornadas, convenios colectivos, liquidaciones, finiquitos, jubilaciones, pensiones, Seguridad Social, despidos, etc.<\/li>\n\n\n\n<li><span style=\"text-decoration: underline;\">Gabinetes Jur\u00eddicos Especializados<\/span> (abogados\/as laboralistas, etc.)<\/li>\n\n\n\n<li><span style=\"text-decoration: underline;\">Formaci\u00f3n continua<\/span> adaptada a los puestos de trabajo<\/li>\n\n\n\n<li><span style=\"text-decoration: underline;\">Formaci\u00f3n sindical<\/span> espec\u00edfica a los delegados\/as de personal, miembros de comit\u00e9s y delegados\/as de Salud Laboral<\/li>\n\n\n\n<li>Protecci\u00f3n por desempleo<\/li>\n\n\n\n<li>Prevenci\u00f3n de riesgos laborales<\/li>\n\n\n\n<li>&#8230;&#8230;..<\/li>\n<\/ul>\n\n\n\n<p>Otros servicios:<\/p>\n\n\n\n<ul class=\"wp-block-list\">\n<li>Vacaciones, viajes y hoteles<\/li>\n\n\n\n<li>Campamentos infantiles de verano<\/li>\n\n\n\n<li>Ocio: residencias, tiempo libre<\/li>\n\n\n\n<li>Establecimientos concertados<\/li>\n\n\n\n<li>Seguro de Accidentes en caso de muerte, a partir de un a\u00f1o de afiliaci\u00f3n ininterrumpida a UGT<\/li>\n<\/ul>\n\n\n\n<h2 class=\"wp-block-heading has-vivid-red-color has-text-color\">\u00bfCu\u00e1nto cuesta?<\/h2>\n\n\n\n<p>La <strong>cuota sindical <\/strong>para el a\u00f1o <strong>2023<\/strong> es:<\/p>\n\n\n\n<ul class=\"wp-block-list\">\n<li>Cuota ordinaria:<strong>&nbsp;14,70\u20ac<\/strong><\/li>\n<\/ul>\n\n\n\n<ul class=\"wp-block-list\">\n<li>Reducida:&nbsp;<strong>9,80\u20ac<\/strong>.&nbsp;La cuota reducida se aplicar\u00e1 a los afiliados\/as cuyos ingresos anuales \u00edntegros procedentes de rentas de trabajo o de protecci\u00f3n por desempleo sean iguales o inferiores en c\u00f3mputo anual a la cantidad de 14.000\u20ac<\/li>\n<\/ul>\n\n\n\n<ul class=\"wp-block-list\">\n<li>Jubilados cuyos ingresos anuales \u00edntegros sean superiores a la cantidad de 7.000\u20ac :&nbsp;<strong>7,00\u20ac<\/strong><\/li>\n<\/ul>\n\n\n\n<ul class=\"wp-block-list\">\n<li>Jubilados y parados cuyos ingresos anuales \u00edntegros sean inferiores a la cantidad de 7.000\u20ac y a los afiliados\/as que se encuentran en situaci\u00f3n de paro y carezcan de ingresos o prestaciones:&nbsp;<strong>4,20\u20ac<\/strong><\/li>\n<\/ul>\n\n\n\n<ul class=\"wp-block-list\">\n<li>Aut\u00f3nomos que se les hace alg\u00fan tr\u00e1mite:<strong>&nbsp;18,50\u20ac<\/strong><\/li>\n<\/ul>\n\n\n\n<ul class=\"wp-block-list\">\n<li>Aut\u00f3nomos que no se les hace ning\u00fan tr\u00e1mite:<strong>&nbsp;9,80\u20ac<\/strong><\/li>\n<\/ul>\n\n\n\n<ul class=\"wp-block-list\">\n<li>Estudiantes menores de 25 a\u00f1os y que no tengan ning\u00fan tipo de ingresos:<strong>&nbsp;1,00\u20ac<\/strong><\/li>\n<\/ul>\n\n\n\n<p><\/p>\n\n\n\n<p class=\"has-text-align-center has-vivid-red-color has-text-color\" style=\"font-size:21px\"><strong>Te recordamos que la cuota sindical es desgravable en la declaraci\u00f3n de la renta.<\/strong><\/p>\n","protected":false},"excerpt":{"rendered":"<p>\u00bfC\u00f3mo afiliarte a UGT? Si quieres afiliarte a UGT, desc\u00e1rgate la hoja de afiliaci\u00f3n pulsando en el bot\u00f3n de abajo. Rellena todos los datos solicitados, y env\u00edanosla por correo electr\u00f3nico a cualquiera de tus delegadas o delegados de UGT en Tragsatec. Nosotros tramitaremos tu alta. Tambi\u00e9n puedes entregar la hoja de afiliaci\u00f3n en la sede [&hellip;]<\/p>\n","protected":false},"author":1,"featured_media":0,"parent":0,"menu_order":0,"comment_status":"closed","ping_status":"closed","template":"","meta":{"footnotes":""},"class_list":["post-151","page","type-page","status-publish","hentry"],"yoast_head":"<!-- This site is optimized with the Yoast SEO plugin v26.8 - https:\/\/yoast.com\/product\/yoast-seo-wordpress\/ -->\n<title>Af\u00edli@te a UGT - La web de la Secci\u00f3n Sindical de la UGT en Tragsatec<\/title>\n<meta name=\"robots\" content=\"index, follow, max-snippet:-1, max-image-preview:large, max-video-preview:-1\" \/>\n<link rel=\"canonical\" href=\"https:\/\/www.ugttec.es\/index.php\/afilite-a-ugt\/\" \/>\n<meta property=\"og:locale\" content=\"es_ES\" \/>\n<meta property=\"og:type\" content=\"article\" \/>\n<meta property=\"og:title\" content=\"Af\u00edli@te a UGT - La web de la Secci\u00f3n Sindical de la UGT en Tragsatec\" \/>\n<meta property=\"og:description\" content=\"\u00bfC\u00f3mo afiliarte a UGT? Si quieres afiliarte a UGT, desc\u00e1rgate la hoja de afiliaci\u00f3n pulsando en el bot\u00f3n de abajo. Rellena todos los datos solicitados, y env\u00edanosla por correo electr\u00f3nico a cualquiera de tus delegadas o delegados de UGT en Tragsatec. Nosotros tramitaremos tu alta. Tambi\u00e9n puedes entregar la hoja de afiliaci\u00f3n en la sede [&hellip;]\" \/>\n<meta property=\"og:url\" content=\"https:\/\/www.ugttec.es\/index.php\/afilite-a-ugt\/\" \/>\n<meta property=\"og:site_name\" content=\"La web de la Secci\u00f3n Sindical de la UGT en Tragsatec\" \/>\n<meta property=\"article:modified_time\" content=\"2023-06-17T08:58:52+00:00\" \/>\n<meta name=\"twitter:card\" content=\"summary_large_image\" \/>\n<meta name=\"twitter:label1\" content=\"Tiempo de lectura\" \/>\n\t<meta name=\"twitter:data1\" content=\"3 minutos\" \/>\n<script type=\"application\/ld+json\" class=\"yoast-schema-graph\">{\"@context\":\"https:\/\/schema.org\",\"@graph\":[{\"@type\":\"WebPage\",\"@id\":\"https:\/\/www.ugttec.es\/index.php\/afilite-a-ugt\/\",\"url\":\"https:\/\/www.ugttec.es\/index.php\/afilite-a-ugt\/\",\"name\":\"Af\u00edli@te a UGT - La web de la Secci\u00f3n Sindical de la UGT en Tragsatec\",\"isPartOf\":{\"@id\":\"https:\/\/www.ugttec.es\/#website\"},\"datePublished\":\"2023-05-23T22:16:08+00:00\",\"dateModified\":\"2023-06-17T08:58:52+00:00\",\"breadcrumb\":{\"@id\":\"https:\/\/www.ugttec.es\/index.php\/afilite-a-ugt\/#breadcrumb\"},\"inLanguage\":\"es\",\"potentialAction\":[{\"@type\":\"ReadAction\",\"target\":[\"https:\/\/www.ugttec.es\/index.php\/afilite-a-ugt\/\"]}]},{\"@type\":\"BreadcrumbList\",\"@id\":\"https:\/\/www.ugttec.es\/index.php\/afilite-a-ugt\/#breadcrumb\",\"itemListElement\":[{\"@type\":\"ListItem\",\"position\":1,\"name\":\"Portada\",\"item\":\"https:\/\/www.ugttec.es\/\"},{\"@type\":\"ListItem\",\"position\":2,\"name\":\"Af\u00edli@te a UGT\"}]},{\"@type\":\"WebSite\",\"@id\":\"https:\/\/www.ugttec.es\/#website\",\"url\":\"https:\/\/www.ugttec.es\/\",\"name\":\"La web de la Secci\u00f3n Sindical de la UGT en Tragsatec\",\"description\":\"\",\"publisher\":{\"@id\":\"https:\/\/www.ugttec.es\/#organization\"},\"potentialAction\":[{\"@type\":\"SearchAction\",\"target\":{\"@type\":\"EntryPoint\",\"urlTemplate\":\"https:\/\/www.ugttec.es\/?s={search_term_string}\"},\"query-input\":{\"@type\":\"PropertyValueSpecification\",\"valueRequired\":true,\"valueName\":\"search_term_string\"}}],\"inLanguage\":\"es\"},{\"@type\":\"Organization\",\"@id\":\"https:\/\/www.ugttec.es\/#organization\",\"name\":\"Secci\u00f3n Sindical de la UGT en Tragsatec\",\"url\":\"https:\/\/www.ugttec.es\/\",\"logo\":{\"@type\":\"ImageObject\",\"inLanguage\":\"es\",\"@id\":\"https:\/\/www.ugttec.es\/#\/schema\/logo\/image\/\",\"url\":\"https:\/\/www.ugttec.es\/wp-content\/uploads\/2023\/05\/cropped-mancheta-sin-fondo.png\",\"contentUrl\":\"https:\/\/www.ugttec.es\/wp-content\/uploads\/2023\/05\/cropped-mancheta-sin-fondo.png\",\"width\":771,\"height\":232,\"caption\":\"Secci\u00f3n Sindical de la UGT en Tragsatec\"},\"image\":{\"@id\":\"https:\/\/www.ugttec.es\/#\/schema\/logo\/image\/\"},\"sameAs\":[\"https:\/\/whatsapp.com\/channel\/0029Vb41KFyChq6V4F7cqU0n\"]}]}<\/script>\n<!-- \/ Yoast SEO plugin. -->","yoast_head_json":{"title":"Af\u00edli@te a UGT - La web de la Secci\u00f3n Sindical de la UGT en Tragsatec","robots":{"index":"index","follow":"follow","max-snippet":"max-snippet:-1","max-image-preview":"max-image-preview:large","max-video-preview":"max-video-preview:-1"},"canonical":"https:\/\/www.ugttec.es\/index.php\/afilite-a-ugt\/","og_locale":"es_ES","og_type":"article","og_title":"Af\u00edli@te a UGT - La web de la Secci\u00f3n Sindical de la UGT en Tragsatec","og_description":"\u00bfC\u00f3mo afiliarte a UGT? Si quieres afiliarte a UGT, desc\u00e1rgate la hoja de afiliaci\u00f3n pulsando en el bot\u00f3n de abajo. Rellena todos los datos solicitados, y env\u00edanosla por correo electr\u00f3nico a cualquiera de tus delegadas o delegados de UGT en Tragsatec. Nosotros tramitaremos tu alta. Tambi\u00e9n puedes entregar la hoja de afiliaci\u00f3n en la sede [&hellip;]","og_url":"https:\/\/www.ugttec.es\/index.php\/afilite-a-ugt\/","og_site_name":"La web de la Secci\u00f3n Sindical de la UGT en Tragsatec","article_modified_time":"2023-06-17T08:58:52+00:00","twitter_card":"summary_large_image","twitter_misc":{"Tiempo de lectura":"3 minutos"},"schema":{"@context":"https:\/\/schema.org","@graph":[{"@type":"WebPage","@id":"https:\/\/www.ugttec.es\/index.php\/afilite-a-ugt\/","url":"https:\/\/www.ugttec.es\/index.php\/afilite-a-ugt\/","name":"Af\u00edli@te a UGT - La web de la Secci\u00f3n Sindical de la UGT en Tragsatec","isPartOf":{"@id":"https:\/\/www.ugttec.es\/#website"},"datePublished":"2023-05-23T22:16:08+00:00","dateModified":"2023-06-17T08:58:52+00:00","breadcrumb":{"@id":"https:\/\/www.ugttec.es\/index.php\/afilite-a-ugt\/#breadcrumb"},"inLanguage":"es","potentialAction":[{"@type":"ReadAction","target":["https:\/\/www.ugttec.es\/index.php\/afilite-a-ugt\/"]}]},{"@type":"BreadcrumbList","@id":"https:\/\/www.ugttec.es\/index.php\/afilite-a-ugt\/#breadcrumb","itemListElement":[{"@type":"ListItem","position":1,"name":"Portada","item":"https:\/\/www.ugttec.es\/"},{"@type":"ListItem","position":2,"name":"Af\u00edli@te a UGT"}]},{"@type":"WebSite","@id":"https:\/\/www.ugttec.es\/#website","url":"https:\/\/www.ugttec.es\/","name":"La web de la Secci\u00f3n Sindical de la UGT en Tragsatec","description":"","publisher":{"@id":"https:\/\/www.ugttec.es\/#organization"},"potentialAction":[{"@type":"SearchAction","target":{"@type":"EntryPoint","urlTemplate":"https:\/\/www.ugttec.es\/?s={search_term_string}"},"query-input":{"@type":"PropertyValueSpecification","valueRequired":true,"valueName":"search_term_string"}}],"inLanguage":"es"},{"@type":"Organization","@id":"https:\/\/www.ugttec.es\/#organization","name":"Secci\u00f3n Sindical de la UGT en Tragsatec","url":"https:\/\/www.ugttec.es\/","logo":{"@type":"ImageObject","inLanguage":"es","@id":"https:\/\/www.ugttec.es\/#\/schema\/logo\/image\/","url":"https:\/\/www.ugttec.es\/wp-content\/uploads\/2023\/05\/cropped-mancheta-sin-fondo.png","contentUrl":"https:\/\/www.ugttec.es\/wp-content\/uploads\/2023\/05\/cropped-mancheta-sin-fondo.png","width":771,"height":232,"caption":"Secci\u00f3n Sindical de la UGT en Tragsatec"},"image":{"@id":"https:\/\/www.ugttec.es\/#\/schema\/logo\/image\/"},"sameAs":["https:\/\/whatsapp.com\/channel\/0029Vb41KFyChq6V4F7cqU0n"]}]}},"_links":{"self":[{"href":"https:\/\/www.ugttec.es\/index.php\/wp-json\/wp\/v2\/pages\/151","targetHints":{"allow":["GET"]}}],"collection":[{"href":"https:\/\/www.ugttec.es\/index.php\/wp-json\/wp\/v2\/pages"}],"about":[{"href":"https:\/\/www.ugttec.es\/index.php\/wp-json\/wp\/v2\/types\/page"}],"author":[{"embeddable":true,"href":"https:\/\/www.ugttec.es\/index.php\/wp-json\/wp\/v2\/users\/1"}],"replies":[{"embeddable":true,"href":"https:\/\/www.ugttec.es\/index.php\/wp-json\/wp\/v2\/comments?post=151"}],"version-history":[{"count":17,"href":"https:\/\/www.ugttec.es\/index.php\/wp-json\/wp\/v2\/pages\/151\/revisions"}],"predecessor-version":[{"id":191,"href":"https:\/\/www.ugttec.es\/index.php\/wp-json\/wp\/v2\/pages\/151\/revisions\/191"}],"wp:attachment":[{"href":"https:\/\/www.ugttec.es\/index.php\/wp-json\/wp\/v2\/media?parent=151"}],"curies":[{"name":"wp","href":"https:\/\/api.w.org\/{rel}","templated":true}]}}