{"id":48,"date":"2023-05-03T18:48:13","date_gmt":"2023-05-03T18:48:13","guid":{"rendered":"http:\/\/www.ugttec.es\/?page_id=48"},"modified":"2026-02-17T13:21:32","modified_gmt":"2026-02-17T13:21:32","slug":"extremadura","status":"publish","type":"page","link":"https:\/\/www.ugttec.es\/index.php\/territorios\/extremadura\/","title":{"rendered":"Extremadura"},"content":{"rendered":"\n<h2 class=\"wp-block-heading has-vivid-red-color has-text-color has-link-color wp-elements-1b471d7ed909958346c2a66a24175694\"><mark style=\"background-color:rgba(0, 0, 0, 0)\" class=\"has-inline-color has-black-color\">Calendarios Laborales <\/mark>Tragsatec 2026<\/h2>\n\n\n\n<p class=\"has-text-align-left has-white-color has-pale-pink-background-color has-text-color has-background has-link-color wp-elements-6d6ac074fb42a9219a49e529388d8f52\"><strong>En este apartado encontrar\u00e1s los Calendarios Laborales de Tragsatec puestos a disposici\u00f3n por UGT para su consulta r\u00e1pida y sencilla. Nuestro objetivo es ofrecerte una informaci\u00f3n siempre accesible, actualizada y organizada, de manera que puedas conocer en cualquier momento la planificaci\u00f3n oficial de jornadas, festivos, turnos y distribuci\u00f3n anual del trabajo.<\/strong><\/p>\n\n\n\n<p><\/p>\n\n\n\n<div class=\"wp-block-columns has-white-background-color has-background is-layout-flex wp-container-core-columns-is-layout-e27a01e3 wp-block-columns-is-layout-flex\" style=\"border-width:3px;border-top-left-radius:20px;border-top-right-radius:20px;border-bottom-left-radius:20px;border-bottom-right-radius:20px;margin-top:0;margin-bottom:0;padding-top:var(--wp--preset--spacing--30);padding-right:var(--wp--preset--spacing--30);padding-bottom:var(--wp--preset--spacing--30);padding-left:var(--wp--preset--spacing--30)\">\n<div class=\"wp-block-column is-layout-flow wp-block-column-is-layout-flow\">\n<div class=\"wp-block-media-text\" style=\"grid-template-columns:15% auto\"><figure class=\"wp-block-media-text__media\"><img loading=\"lazy\" decoding=\"async\" width=\"230\" height=\"256\" src=\"https:\/\/www.ugttec.es\/wp-content\/uploads\/2026\/02\/calendario.png\" alt=\"\" class=\"wp-image-381 size-full\"\/><\/figure><div class=\"wp-block-media-text__content\">\n<h2 class=\"wp-block-heading has-cyan-bluish-gray-color has-text-color has-link-color has-medium-font-size wp-elements-0fb4032c1c646aaa58588dbcb9a2a620\">BADAJOZ<\/h2>\n<\/div><\/div>\n\n\n\n<p class=\"has-cyan-bluish-gray-color has-text-color has-link-color wp-elements-31367f7432abe26eaff5b5a0c4d0d9fb\"><strong><a href=\"https:\/\/drive.google.com\/file\/d\/1PDbPdkU-mPeHRumAKIZh9cVx5epP-fxW\/view?usp=drivesdk\" target=\"_blank\" rel=\"noreferrer noopener\">Oficina M\u00c9RIDA <\/a><\/strong><\/p>\n\n\n\n<p class=\"has-cyan-bluish-gray-color has-text-color has-link-color wp-elements-2ca000d4f986aa5bba0f3d00bea98e9f\"><strong><a href=\"https:\/\/drive.google.com\/file\/d\/1o5_NIxGZiE520nJiisLTfD5Ygfk-38J5\/view?usp=drivesdk\" type=\"link\" id=\"https:\/\/drive.google.com\/file\/d\/1o5_NIxGZiE520nJiisLTfD5Ygfk-38J5\/view?usp=drivesdk\" target=\"_blank\" rel=\"noreferrer noopener\">Oficina BADAJOZ<\/a><\/strong><\/p>\n\n\n\n<p class=\"has-cyan-bluish-gray-color has-text-color has-link-color wp-elements-0f658a0e7b717806c29b868f45905665\"><strong><a href=\"https:\/\/drive.google.com\/file\/d\/1VYo4X9m5roqw_YB6g_DnDS1k7vBx8M2A\/view\" target=\"_blank\" rel=\"noreferrer noopener\">Oficina CLIENTE BA<\/a><\/strong><\/p>\n\n\n\n<p class=\"has-cyan-bluish-gray-color has-text-color has-link-color wp-elements-d129633b7f94709a752d50e435d0602c\"><strong><a href=\"https:\/\/drive.google.com\/file\/d\/165oXjh0TBr5Bkbl5N9rL5KFydBsV0akt\/view\" type=\"link\" id=\"https:\/\/drive.google.com\/file\/d\/165oXjh0TBr5Bkbl5N9rL5KFydBsV0akt\/view\" target=\"_blank\" rel=\"noreferrer noopener\">CAMPO BA<\/a><\/strong><\/p>\n\n\n\n<p><\/p>\n<\/div>\n\n\n\n<div class=\"wp-block-column is-layout-flow wp-block-column-is-layout-flow\">\n<div class=\"wp-block-media-text\" style=\"grid-template-columns:15% auto\"><figure class=\"wp-block-media-text__media\"><img loading=\"lazy\" decoding=\"async\" width=\"230\" height=\"256\" src=\"https:\/\/www.ugttec.es\/wp-content\/uploads\/2026\/02\/calendario.png\" alt=\"\" class=\"wp-image-381 size-full\"\/><\/figure><div class=\"wp-block-media-text__content\">\n<h2 class=\"wp-block-heading has-cyan-bluish-gray-color has-text-color has-link-color has-medium-font-size wp-elements-172f7ce9a065a5644ab44acd1536d251\">C\u00c1CERES<\/h2>\n<\/div><\/div>\n\n\n\n<p class=\"has-cyan-bluish-gray-color has-text-color has-link-color wp-elements-7cd78fdc59dbe9ae3e4d6faa2ec21b99\"><strong><a href=\"https:\/\/drive.google.com\/file\/d\/1reWPFS0R5hituYeP3DrkEkPKAXaRS9U1\/view\" type=\"link\" id=\"https:\/\/drive.google.com\/file\/d\/1reWPFS0R5hituYeP3DrkEkPKAXaRS9U1\/view\" target=\"_blank\" rel=\"noreferrer noopener\">Oficina C\u00c1CERES<\/a><\/strong><\/p>\n\n\n\n<p class=\"has-cyan-bluish-gray-color has-text-color has-link-color wp-elements-36b653cfc899c774daa8e9f4732d51a0\"><strong><a href=\"https:\/\/drive.google.com\/file\/d\/1QNtsKZj3c30gFNe3IgKzKAkong-im1pA\/view\" type=\"link\" id=\"https:\/\/drive.google.com\/file\/d\/1QNtsKZj3c30gFNe3IgKzKAkong-im1pA\/view\" target=\"_blank\" rel=\"noreferrer noopener\">Oficina CLIENTE CC<\/a><\/strong><\/p>\n\n\n\n<p class=\"has-cyan-bluish-gray-color has-text-color has-link-color wp-elements-b17d4068c6211d2190122d64c66ba80b\"><strong><a href=\"https:\/\/drive.google.com\/file\/d\/1YKIHLz-Xl1n7JR5_D6b5EQ4ZJcNCAO8R\/view\" type=\"link\" id=\"https:\/\/drive.google.com\/file\/d\/1YKIHLz-Xl1n7JR5_D6b5EQ4ZJcNCAO8R\/view\" target=\"_blank\" rel=\"noreferrer noopener\">CAMPO CC<\/a><\/strong><\/p>\n\n\n\n<p><\/p>\n<\/div>\n\n\n\n<div class=\"wp-block-column is-layout-flow wp-block-column-is-layout-flow\">\n<div class=\"wp-block-media-text\" style=\"grid-template-columns:15% auto\"><figure class=\"wp-block-media-text__media\"><img loading=\"lazy\" decoding=\"async\" width=\"230\" height=\"256\" src=\"https:\/\/www.ugttec.es\/wp-content\/uploads\/2026\/02\/calendario.png\" alt=\"\" class=\"wp-image-381 size-full\"\/><\/figure><div class=\"wp-block-media-text__content\">\n<h2 class=\"wp-block-heading has-cyan-bluish-gray-color has-text-color has-link-color has-medium-font-size wp-elements-cd08e5dca11df0525effc5e5ab8189f8\">ART. 41<\/h2>\n<\/div><\/div>\n\n\n\n<p class=\"has-cyan-bluish-gray-color has-text-color has-link-color wp-elements-106a4385805fe234a88f05969faf138c\"><strong><a href=\"https:\/\/drive.google.com\/file\/d\/12To9aWQACu6kp0AAGcElTHq16I_oGtv6\/view\" target=\"_blank\" rel=\"noreferrer noopener\">Grupo A<\/a><\/strong><\/p>\n\n\n\n<p class=\"has-cyan-bluish-gray-color has-text-color has-link-color wp-elements-a8a2c6a3bc57e927b18f72ab9f2cebd7\"><strong><a href=\"https:\/\/drive.google.com\/file\/d\/13pLDkSad0UMzauy2dZrtrAH2iGSp6gMS\/view\" target=\"_blank\" rel=\"noreferrer noopener\">Grupo B<\/a><\/strong><\/p>\n\n\n\n<p class=\"has-cyan-bluish-gray-color has-text-color has-link-color wp-elements-08ad4e05f859a82e4f02de223d79413a\"><strong><a href=\"https:\/\/drive.google.com\/file\/d\/1oxH323XE6WwZrdsedcvvzJ2aOpsjRNKq\/view\" target=\"_blank\" rel=\"noreferrer noopener\">Grupo C<\/a><\/strong><\/p>\n\n\n\n<p><\/p>\n<\/div>\n<\/div>\n\n\n\n<!--more-->\n\n\n\n<p><\/p>\n","protected":false},"excerpt":{"rendered":"<p>Calendarios Laborales Tragsatec 2026 En este apartado encontrar\u00e1s los Calendarios Laborales de Tragsatec puestos a disposici\u00f3n por UGT para su consulta r\u00e1pida y sencilla. Nuestro objetivo es ofrecerte una informaci\u00f3n siempre accesible, actualizada y organizada, de manera que puedas conocer en cualquier momento la planificaci\u00f3n oficial de jornadas, festivos, turnos y distribuci\u00f3n anual del trabajo. [&hellip;]<\/p>\n","protected":false},"author":1,"featured_media":0,"parent":33,"menu_order":0,"comment_status":"closed","ping_status":"closed","template":"","meta":{"footnotes":""},"class_list":["post-48","page","type-page","status-publish","hentry"],"yoast_head":"<!-- This site is optimized with the Yoast SEO plugin v26.8 - https:\/\/yoast.com\/product\/yoast-seo-wordpress\/ -->\n<title>Extremadura - La web de la Secci\u00f3n Sindical de la UGT en Tragsatec<\/title>\n<meta name=\"robots\" content=\"index, follow, max-snippet:-1, max-image-preview:large, max-video-preview:-1\" \/>\n<link rel=\"canonical\" href=\"https:\/\/www.ugttec.es\/index.php\/territorios\/extremadura\/\" \/>\n<meta property=\"og:locale\" content=\"es_ES\" \/>\n<meta property=\"og:type\" content=\"article\" \/>\n<meta property=\"og:title\" content=\"Extremadura - La web de la Secci\u00f3n Sindical de la UGT en Tragsatec\" \/>\n<meta property=\"og:description\" content=\"Calendarios Laborales Tragsatec 2026 En este apartado encontrar\u00e1s los Calendarios Laborales de Tragsatec puestos a disposici\u00f3n por UGT para su consulta r\u00e1pida y sencilla. Nuestro objetivo es ofrecerte una informaci\u00f3n siempre accesible, actualizada y organizada, de manera que puedas conocer en cualquier momento la planificaci\u00f3n oficial de jornadas, festivos, turnos y distribuci\u00f3n anual del trabajo. [&hellip;]\" \/>\n<meta property=\"og:url\" content=\"https:\/\/www.ugttec.es\/index.php\/territorios\/extremadura\/\" \/>\n<meta property=\"og:site_name\" content=\"La web de la Secci\u00f3n Sindical de la UGT en Tragsatec\" \/>\n<meta property=\"article:modified_time\" content=\"2026-02-17T13:21:32+00:00\" \/>\n<meta property=\"og:image\" content=\"https:\/\/www.ugttec.es\/wp-content\/uploads\/2026\/02\/calendario.png\" \/>\n\t<meta property=\"og:image:width\" content=\"230\" \/>\n\t<meta property=\"og:image:height\" content=\"256\" \/>\n\t<meta property=\"og:image:type\" content=\"image\/png\" \/>\n<meta name=\"twitter:card\" content=\"summary_large_image\" \/>\n<meta name=\"twitter:label1\" content=\"Tiempo de lectura\" \/>\n\t<meta name=\"twitter:data1\" content=\"1 minuto\" \/>\n<script type=\"application\/ld+json\" class=\"yoast-schema-graph\">{\"@context\":\"https:\/\/schema.org\",\"@graph\":[{\"@type\":\"WebPage\",\"@id\":\"https:\/\/www.ugttec.es\/index.php\/territorios\/extremadura\/\",\"url\":\"https:\/\/www.ugttec.es\/index.php\/territorios\/extremadura\/\",\"name\":\"Extremadura - La web de la Secci\u00f3n Sindical de la UGT en Tragsatec\",\"isPartOf\":{\"@id\":\"https:\/\/www.ugttec.es\/#website\"},\"primaryImageOfPage\":{\"@id\":\"https:\/\/www.ugttec.es\/index.php\/territorios\/extremadura\/#primaryimage\"},\"image\":{\"@id\":\"https:\/\/www.ugttec.es\/index.php\/territorios\/extremadura\/#primaryimage\"},\"thumbnailUrl\":\"https:\/\/www.ugttec.es\/wp-content\/uploads\/2026\/02\/calendario.png\",\"datePublished\":\"2023-05-03T18:48:13+00:00\",\"dateModified\":\"2026-02-17T13:21:32+00:00\",\"breadcrumb\":{\"@id\":\"https:\/\/www.ugttec.es\/index.php\/territorios\/extremadura\/#breadcrumb\"},\"inLanguage\":\"es\",\"potentialAction\":[{\"@type\":\"ReadAction\",\"target\":[\"https:\/\/www.ugttec.es\/index.php\/territorios\/extremadura\/\"]}]},{\"@type\":\"ImageObject\",\"inLanguage\":\"es\",\"@id\":\"https:\/\/www.ugttec.es\/index.php\/territorios\/extremadura\/#primaryimage\",\"url\":\"https:\/\/www.ugttec.es\/wp-content\/uploads\/2026\/02\/calendario.png\",\"contentUrl\":\"https:\/\/www.ugttec.es\/wp-content\/uploads\/2026\/02\/calendario.png\",\"width\":230,\"height\":256},{\"@type\":\"BreadcrumbList\",\"@id\":\"https:\/\/www.ugttec.es\/index.php\/territorios\/extremadura\/#breadcrumb\",\"itemListElement\":[{\"@type\":\"ListItem\",\"position\":1,\"name\":\"Portada\",\"item\":\"https:\/\/www.ugttec.es\/\"},{\"@type\":\"ListItem\",\"position\":2,\"name\":\"Territorios\",\"item\":\"https:\/\/www.ugttec.es\/index.php\/territorios\/\"},{\"@type\":\"ListItem\",\"position\":3,\"name\":\"Extremadura\"}]},{\"@type\":\"WebSite\",\"@id\":\"https:\/\/www.ugttec.es\/#website\",\"url\":\"https:\/\/www.ugttec.es\/\",\"name\":\"La web de la Secci\u00f3n Sindical de la UGT en Tragsatec\",\"description\":\"\",\"publisher\":{\"@id\":\"https:\/\/www.ugttec.es\/#organization\"},\"potentialAction\":[{\"@type\":\"SearchAction\",\"target\":{\"@type\":\"EntryPoint\",\"urlTemplate\":\"https:\/\/www.ugttec.es\/?s={search_term_string}\"},\"query-input\":{\"@type\":\"PropertyValueSpecification\",\"valueRequired\":true,\"valueName\":\"search_term_string\"}}],\"inLanguage\":\"es\"},{\"@type\":\"Organization\",\"@id\":\"https:\/\/www.ugttec.es\/#organization\",\"name\":\"Secci\u00f3n Sindical de la UGT en Tragsatec\",\"url\":\"https:\/\/www.ugttec.es\/\",\"logo\":{\"@type\":\"ImageObject\",\"inLanguage\":\"es\",\"@id\":\"https:\/\/www.ugttec.es\/#\/schema\/logo\/image\/\",\"url\":\"https:\/\/www.ugttec.es\/wp-content\/uploads\/2023\/05\/cropped-mancheta-sin-fondo.png\",\"contentUrl\":\"https:\/\/www.ugttec.es\/wp-content\/uploads\/2023\/05\/cropped-mancheta-sin-fondo.png\",\"width\":771,\"height\":232,\"caption\":\"Secci\u00f3n Sindical de la UGT en Tragsatec\"},\"image\":{\"@id\":\"https:\/\/www.ugttec.es\/#\/schema\/logo\/image\/\"},\"sameAs\":[\"https:\/\/whatsapp.com\/channel\/0029Vb41KFyChq6V4F7cqU0n\"]}]}<\/script>\n<!-- \/ Yoast SEO plugin. -->","yoast_head_json":{"title":"Extremadura - La web de la Secci\u00f3n Sindical de la UGT en Tragsatec","robots":{"index":"index","follow":"follow","max-snippet":"max-snippet:-1","max-image-preview":"max-image-preview:large","max-video-preview":"max-video-preview:-1"},"canonical":"https:\/\/www.ugttec.es\/index.php\/territorios\/extremadura\/","og_locale":"es_ES","og_type":"article","og_title":"Extremadura - La web de la Secci\u00f3n Sindical de la UGT en Tragsatec","og_description":"Calendarios Laborales Tragsatec 2026 En este apartado encontrar\u00e1s los Calendarios Laborales de Tragsatec puestos a disposici\u00f3n por UGT para su consulta r\u00e1pida y sencilla. Nuestro objetivo es ofrecerte una informaci\u00f3n siempre accesible, actualizada y organizada, de manera que puedas conocer en cualquier momento la planificaci\u00f3n oficial de jornadas, festivos, turnos y distribuci\u00f3n anual del trabajo. [&hellip;]","og_url":"https:\/\/www.ugttec.es\/index.php\/territorios\/extremadura\/","og_site_name":"La web de la Secci\u00f3n Sindical de la UGT en Tragsatec","article_modified_time":"2026-02-17T13:21:32+00:00","og_image":[{"width":230,"height":256,"url":"https:\/\/www.ugttec.es\/wp-content\/uploads\/2026\/02\/calendario.png","type":"image\/png"}],"twitter_card":"summary_large_image","twitter_misc":{"Tiempo de lectura":"1 minuto"},"schema":{"@context":"https:\/\/schema.org","@graph":[{"@type":"WebPage","@id":"https:\/\/www.ugttec.es\/index.php\/territorios\/extremadura\/","url":"https:\/\/www.ugttec.es\/index.php\/territorios\/extremadura\/","name":"Extremadura - La web de la Secci\u00f3n Sindical de la UGT en Tragsatec","isPartOf":{"@id":"https:\/\/www.ugttec.es\/#website"},"primaryImageOfPage":{"@id":"https:\/\/www.ugttec.es\/index.php\/territorios\/extremadura\/#primaryimage"},"image":{"@id":"https:\/\/www.ugttec.es\/index.php\/territorios\/extremadura\/#primaryimage"},"thumbnailUrl":"https:\/\/www.ugttec.es\/wp-content\/uploads\/2026\/02\/calendario.png","datePublished":"2023-05-03T18:48:13+00:00","dateModified":"2026-02-17T13:21:32+00:00","breadcrumb":{"@id":"https:\/\/www.ugttec.es\/index.php\/territorios\/extremadura\/#breadcrumb"},"inLanguage":"es","potentialAction":[{"@type":"ReadAction","target":["https:\/\/www.ugttec.es\/index.php\/territorios\/extremadura\/"]}]},{"@type":"ImageObject","inLanguage":"es","@id":"https:\/\/www.ugttec.es\/index.php\/territorios\/extremadura\/#primaryimage","url":"https:\/\/www.ugttec.es\/wp-content\/uploads\/2026\/02\/calendario.png","contentUrl":"https:\/\/www.ugttec.es\/wp-content\/uploads\/2026\/02\/calendario.png","width":230,"height":256},{"@type":"BreadcrumbList","@id":"https:\/\/www.ugttec.es\/index.php\/territorios\/extremadura\/#breadcrumb","itemListElement":[{"@type":"ListItem","position":1,"name":"Portada","item":"https:\/\/www.ugttec.es\/"},{"@type":"ListItem","position":2,"name":"Territorios","item":"https:\/\/www.ugttec.es\/index.php\/territorios\/"},{"@type":"ListItem","position":3,"name":"Extremadura"}]},{"@type":"WebSite","@id":"https:\/\/www.ugttec.es\/#website","url":"https:\/\/www.ugttec.es\/","name":"La web de la Secci\u00f3n Sindical de la UGT en Tragsatec","description":"","publisher":{"@id":"https:\/\/www.ugttec.es\/#organization"},"potentialAction":[{"@type":"SearchAction","target":{"@type":"EntryPoint","urlTemplate":"https:\/\/www.ugttec.es\/?s={search_term_string}"},"query-input":{"@type":"PropertyValueSpecification","valueRequired":true,"valueName":"search_term_string"}}],"inLanguage":"es"},{"@type":"Organization","@id":"https:\/\/www.ugttec.es\/#organization","name":"Secci\u00f3n Sindical de la UGT en Tragsatec","url":"https:\/\/www.ugttec.es\/","logo":{"@type":"ImageObject","inLanguage":"es","@id":"https:\/\/www.ugttec.es\/#\/schema\/logo\/image\/","url":"https:\/\/www.ugttec.es\/wp-content\/uploads\/2023\/05\/cropped-mancheta-sin-fondo.png","contentUrl":"https:\/\/www.ugttec.es\/wp-content\/uploads\/2023\/05\/cropped-mancheta-sin-fondo.png","width":771,"height":232,"caption":"Secci\u00f3n Sindical de la UGT en Tragsatec"},"image":{"@id":"https:\/\/www.ugttec.es\/#\/schema\/logo\/image\/"},"sameAs":["https:\/\/whatsapp.com\/channel\/0029Vb41KFyChq6V4F7cqU0n"]}]}},"_links":{"self":[{"href":"https:\/\/www.ugttec.es\/index.php\/wp-json\/wp\/v2\/pages\/48","targetHints":{"allow":["GET"]}}],"collection":[{"href":"https:\/\/www.ugttec.es\/index.php\/wp-json\/wp\/v2\/pages"}],"about":[{"href":"https:\/\/www.ugttec.es\/index.php\/wp-json\/wp\/v2\/types\/page"}],"author":[{"embeddable":true,"href":"https:\/\/www.ugttec.es\/index.php\/wp-json\/wp\/v2\/users\/1"}],"replies":[{"embeddable":true,"href":"https:\/\/www.ugttec.es\/index.php\/wp-json\/wp\/v2\/comments?post=48"}],"version-history":[{"count":22,"href":"https:\/\/www.ugttec.es\/index.php\/wp-json\/wp\/v2\/pages\/48\/revisions"}],"predecessor-version":[{"id":422,"href":"https:\/\/www.ugttec.es\/index.php\/wp-json\/wp\/v2\/pages\/48\/revisions\/422"}],"up":[{"embeddable":true,"href":"https:\/\/www.ugttec.es\/index.php\/wp-json\/wp\/v2\/pages\/33"}],"wp:attachment":[{"href":"https:\/\/www.ugttec.es\/index.php\/wp-json\/wp\/v2\/media?parent=48"}],"curies":[{"name":"wp","href":"https:\/\/api.w.org\/{rel}","templated":true}]}}